{"id":541,"date":"2022-05-26T08:04:23","date_gmt":"2022-05-26T08:04:23","guid":{"rendered":"https:\/\/zoneelec.com.tn\/wp\/?post_type=product&#038;p=541"},"modified":"2022-10-12T09:04:24","modified_gmt":"2022-10-12T09:04:24","slug":"porte-fusible-3p-10x38","status":"publish","type":"product","link":"https:\/\/zoneelec.com.tn\/wp\/product\/porte-fusible-3p-10x38\/","title":{"rendered":"Porte fusible 3P 10&#215;38"},"content":{"rendered":"<p>D\u00e9tail produit :<\/p>\n<p>porte-fusible &#8211; 3P &#8211; 32A &#8211; pour fusible 10x38mm<\/p>\n<p>Porte-fusibles modulaire, 3 p\u00f4les (3P), pour la protection des circuits de commande jusqu&#8217;\u00e0 32A \/ 690V. \u00c0 utiliser avec des \u00e9l\u00e9ments fusibles 10&#215;38 mm jusqu&#8217;\u00e0 32 A et un courant de court-circuit jusqu&#8217;\u00e0 120 kA \u00e0 400 V. Des \u00e9l\u00e9ments fusibles (10&#215;38 mm aM, type gG)<\/p>\n","protected":false},"excerpt":{"rendered":"<p>D\u00e9tail produit : porte-fusible &#8211; 3P &#8211; 32A &#8211; pour fusible 10x38mm Porte-fusibles modulaire, 3 p\u00f4les (3P), pour la protection des circuits de commande jusqu&#8217;\u00e0 32A \/ 690V. \u00c0 utiliser avec des \u00e9l\u00e9ments fusibles 10&#215;38 mm jusqu&#8217;\u00e0 32 A et un courant de court-circuit jusqu&#8217;\u00e0 120 kA \u00e0 400 V. Des \u00e9l\u00e9ments fusibles (10&#215;38 mm [&hellip;]<\/p>\n","protected":false},"featured_media":542,"comment_status":"open","ping_status":"closed","template":"","meta":[],"product_cat":[32],"product_tag":[],"class_list":["post-541","product","type-product","status-publish","has-post-thumbnail","hentry","product_cat-commande-et-protection-moteur"],"brands":[],"yoast_head":"<!-- This site is optimized with the Yoast SEO plugin v19.9 - https:\/\/yoast.com\/wordpress\/plugins\/seo\/ -->\n<title>Porte fusible 3P 10x38 - ZoneElec::PRO \u00e0 PRO<\/title>\n<meta name=\"robots\" content=\"index, follow, max-snippet:-1, max-image-preview:large, max-video-preview:-1\" \/>\n<link rel=\"canonical\" href=\"https:\/\/zoneelec.com.tn\/wp\/product\/porte-fusible-3p-10x38\/\" \/>\n<meta property=\"og:locale\" content=\"fr_FR\" \/>\n<meta property=\"og:type\" content=\"article\" \/>\n<meta property=\"og:title\" content=\"Porte fusible 3P 10x38 - ZoneElec::PRO \u00e0 PRO\" \/>\n<meta property=\"og:description\" content=\"D\u00e9tail produit : porte-fusible &#8211; 3P &#8211; 32A &#8211; pour fusible 10x38mm Porte-fusibles modulaire, 3 p\u00f4les (3P), pour la protection des circuits de commande jusqu&#8217;\u00e0 32A \/ 690V. \u00c0 utiliser avec des \u00e9l\u00e9ments fusibles 10&#215;38 mm jusqu&#8217;\u00e0 32 A et un courant de court-circuit jusqu&#8217;\u00e0 120 kA \u00e0 400 V. Des \u00e9l\u00e9ments fusibles (10&#215;38 mm [&hellip;]\" \/>\n<meta property=\"og:url\" content=\"https:\/\/zoneelec.com.tn\/wp\/product\/porte-fusible-3p-10x38\/\" \/>\n<meta property=\"og:site_name\" content=\"ZoneElec::PRO \u00e0 PRO\" \/>\n<meta property=\"article:modified_time\" content=\"2022-10-12T09:04:24+00:00\" \/>\n<meta property=\"og:image\" content=\"https:\/\/zoneelec.com.tn\/wp\/wp-content\/uploads\/2022\/05\/porte-fusible-hager-32a-3p-400v-l38-3-modules-10x38-lsn503.jpg\" \/>\n\t<meta property=\"og:image:width\" content=\"800\" \/>\n\t<meta property=\"og:image:height\" content=\"800\" \/>\n\t<meta property=\"og:image:type\" content=\"image\/jpeg\" \/>\n<meta name=\"twitter:card\" content=\"summary_large_image\" \/>\n<script type=\"application\/ld+json\" class=\"yoast-schema-graph\">{\"@context\":\"https:\/\/schema.org\",\"@graph\":[{\"@type\":\"WebPage\",\"@id\":\"https:\/\/zoneelec.com.tn\/wp\/product\/porte-fusible-3p-10x38\/\",\"url\":\"https:\/\/zoneelec.com.tn\/wp\/product\/porte-fusible-3p-10x38\/\",\"name\":\"Porte fusible 3P 10x38 - ZoneElec::PRO \u00e0 PRO\",\"isPartOf\":{\"@id\":\"https:\/\/zoneelec.com.tn\/wp\/#website\"},\"datePublished\":\"2022-05-26T08:04:23+00:00\",\"dateModified\":\"2022-10-12T09:04:24+00:00\",\"breadcrumb\":{\"@id\":\"https:\/\/zoneelec.com.tn\/wp\/product\/porte-fusible-3p-10x38\/#breadcrumb\"},\"inLanguage\":\"fr-FR\",\"potentialAction\":[{\"@type\":\"ReadAction\",\"target\":[\"https:\/\/zoneelec.com.tn\/wp\/product\/porte-fusible-3p-10x38\/\"]}]},{\"@type\":\"BreadcrumbList\",\"@id\":\"https:\/\/zoneelec.com.tn\/wp\/product\/porte-fusible-3p-10x38\/#breadcrumb\",\"itemListElement\":[{\"@type\":\"ListItem\",\"position\":1,\"name\":\"Home\",\"item\":\"https:\/\/zoneelec.com.tn\/wp\/\"},{\"@type\":\"ListItem\",\"position\":2,\"name\":\"Shop\",\"item\":\"https:\/\/zoneelec.com.tn\/wp\/shop-2\/\"},{\"@type\":\"ListItem\",\"position\":3,\"name\":\"Porte fusible 3P 10&#215;38\"}]},{\"@type\":\"WebSite\",\"@id\":\"https:\/\/zoneelec.com.tn\/wp\/#website\",\"url\":\"https:\/\/zoneelec.com.tn\/wp\/\",\"name\":\"ZoneElec::PRO \u00e0 PRO\",\"description\":\"\",\"publisher\":{\"@id\":\"https:\/\/zoneelec.com.tn\/wp\/#organization\"},\"potentialAction\":[{\"@type\":\"SearchAction\",\"target\":{\"@type\":\"EntryPoint\",\"urlTemplate\":\"https:\/\/zoneelec.com.tn\/wp\/?s={search_term_string}\"},\"query-input\":\"required name=search_term_string\"}],\"inLanguage\":\"fr-FR\"},{\"@type\":\"Organization\",\"@id\":\"https:\/\/zoneelec.com.tn\/wp\/#organization\",\"name\":\"ZoneElec::PRO \u00e0 PRO\",\"url\":\"https:\/\/zoneelec.com.tn\/wp\/\",\"logo\":{\"@type\":\"ImageObject\",\"inLanguage\":\"fr-FR\",\"@id\":\"https:\/\/zoneelec.com.tn\/wp\/#\/schema\/logo\/image\/\",\"url\":\"https:\/\/zoneelec.com.tn\/wp\/wp-content\/uploads\/2022\/05\/cropped-ze.png\",\"contentUrl\":\"https:\/\/zoneelec.com.tn\/wp\/wp-content\/uploads\/2022\/05\/cropped-ze.png\",\"width\":282,\"height\":228,\"caption\":\"ZoneElec::PRO \u00e0 PRO\"},\"image\":{\"@id\":\"https:\/\/zoneelec.com.tn\/wp\/#\/schema\/logo\/image\/\"}}]}<\/script>\n<!-- \/ Yoast SEO plugin. -->","yoast_head_json":{"title":"Porte fusible 3P 10x38 - ZoneElec::PRO \u00e0 PRO","robots":{"index":"index","follow":"follow","max-snippet":"max-snippet:-1","max-image-preview":"max-image-preview:large","max-video-preview":"max-video-preview:-1"},"canonical":"https:\/\/zoneelec.com.tn\/wp\/product\/porte-fusible-3p-10x38\/","og_locale":"fr_FR","og_type":"article","og_title":"Porte fusible 3P 10x38 - ZoneElec::PRO \u00e0 PRO","og_description":"D\u00e9tail produit : porte-fusible &#8211; 3P &#8211; 32A &#8211; pour fusible 10x38mm Porte-fusibles modulaire, 3 p\u00f4les (3P), pour la protection des circuits de commande jusqu&#8217;\u00e0 32A \/ 690V. \u00c0 utiliser avec des \u00e9l\u00e9ments fusibles 10&#215;38 mm jusqu&#8217;\u00e0 32 A et un courant de court-circuit jusqu&#8217;\u00e0 120 kA \u00e0 400 V. Des \u00e9l\u00e9ments fusibles (10&#215;38 mm [&hellip;]","og_url":"https:\/\/zoneelec.com.tn\/wp\/product\/porte-fusible-3p-10x38\/","og_site_name":"ZoneElec::PRO \u00e0 PRO","article_modified_time":"2022-10-12T09:04:24+00:00","og_image":[{"width":800,"height":800,"url":"https:\/\/zoneelec.com.tn\/wp\/wp-content\/uploads\/2022\/05\/porte-fusible-hager-32a-3p-400v-l38-3-modules-10x38-lsn503.jpg","type":"image\/jpeg"}],"twitter_card":"summary_large_image","schema":{"@context":"https:\/\/schema.org","@graph":[{"@type":"WebPage","@id":"https:\/\/zoneelec.com.tn\/wp\/product\/porte-fusible-3p-10x38\/","url":"https:\/\/zoneelec.com.tn\/wp\/product\/porte-fusible-3p-10x38\/","name":"Porte fusible 3P 10x38 - ZoneElec::PRO \u00e0 PRO","isPartOf":{"@id":"https:\/\/zoneelec.com.tn\/wp\/#website"},"datePublished":"2022-05-26T08:04:23+00:00","dateModified":"2022-10-12T09:04:24+00:00","breadcrumb":{"@id":"https:\/\/zoneelec.com.tn\/wp\/product\/porte-fusible-3p-10x38\/#breadcrumb"},"inLanguage":"fr-FR","potentialAction":[{"@type":"ReadAction","target":["https:\/\/zoneelec.com.tn\/wp\/product\/porte-fusible-3p-10x38\/"]}]},{"@type":"BreadcrumbList","@id":"https:\/\/zoneelec.com.tn\/wp\/product\/porte-fusible-3p-10x38\/#breadcrumb","itemListElement":[{"@type":"ListItem","position":1,"name":"Home","item":"https:\/\/zoneelec.com.tn\/wp\/"},{"@type":"ListItem","position":2,"name":"Shop","item":"https:\/\/zoneelec.com.tn\/wp\/shop-2\/"},{"@type":"ListItem","position":3,"name":"Porte fusible 3P 10&#215;38"}]},{"@type":"WebSite","@id":"https:\/\/zoneelec.com.tn\/wp\/#website","url":"https:\/\/zoneelec.com.tn\/wp\/","name":"ZoneElec::PRO \u00e0 PRO","description":"","publisher":{"@id":"https:\/\/zoneelec.com.tn\/wp\/#organization"},"potentialAction":[{"@type":"SearchAction","target":{"@type":"EntryPoint","urlTemplate":"https:\/\/zoneelec.com.tn\/wp\/?s={search_term_string}"},"query-input":"required name=search_term_string"}],"inLanguage":"fr-FR"},{"@type":"Organization","@id":"https:\/\/zoneelec.com.tn\/wp\/#organization","name":"ZoneElec::PRO \u00e0 PRO","url":"https:\/\/zoneelec.com.tn\/wp\/","logo":{"@type":"ImageObject","inLanguage":"fr-FR","@id":"https:\/\/zoneelec.com.tn\/wp\/#\/schema\/logo\/image\/","url":"https:\/\/zoneelec.com.tn\/wp\/wp-content\/uploads\/2022\/05\/cropped-ze.png","contentUrl":"https:\/\/zoneelec.com.tn\/wp\/wp-content\/uploads\/2022\/05\/cropped-ze.png","width":282,"height":228,"caption":"ZoneElec::PRO \u00e0 PRO"},"image":{"@id":"https:\/\/zoneelec.com.tn\/wp\/#\/schema\/logo\/image\/"}}]}},"_links":{"self":[{"href":"https:\/\/zoneelec.com.tn\/wp\/wp-json\/wp\/v2\/product\/541","targetHints":{"allow":["GET"]}}],"collection":[{"href":"https:\/\/zoneelec.com.tn\/wp\/wp-json\/wp\/v2\/product"}],"about":[{"href":"https:\/\/zoneelec.com.tn\/wp\/wp-json\/wp\/v2\/types\/product"}],"replies":[{"embeddable":true,"href":"https:\/\/zoneelec.com.tn\/wp\/wp-json\/wp\/v2\/comments?post=541"}],"version-history":[{"count":1,"href":"https:\/\/zoneelec.com.tn\/wp\/wp-json\/wp\/v2\/product\/541\/revisions"}],"predecessor-version":[{"id":4721,"href":"https:\/\/zoneelec.com.tn\/wp\/wp-json\/wp\/v2\/product\/541\/revisions\/4721"}],"wp:featuredmedia":[{"embeddable":true,"href":"https:\/\/zoneelec.com.tn\/wp\/wp-json\/wp\/v2\/media\/542"}],"wp:attachment":[{"href":"https:\/\/zoneelec.com.tn\/wp\/wp-json\/wp\/v2\/media?parent=541"}],"wp:term":[{"taxonomy":"product_cat","embeddable":true,"href":"https:\/\/zoneelec.com.tn\/wp\/wp-json\/wp\/v2\/product_cat?post=541"},{"taxonomy":"product_tag","embeddable":true,"href":"https:\/\/zoneelec.com.tn\/wp\/wp-json\/wp\/v2\/product_tag?post=541"}],"curies":[{"name":"wp","href":"https:\/\/api.w.org\/{rel}","templated":true}]}}