{"id":5104,"date":"2022-10-25T08:24:02","date_gmt":"2022-10-25T08:24:02","guid":{"rendered":"https:\/\/zoneelec.com.tn\/wp\/?post_type=product&#038;p=5104"},"modified":"2022-10-25T08:24:03","modified_gmt":"2022-10-25T08:24:03","slug":"interrupteur-fin-de-course-fct2l03x11","status":"publish","type":"product","link":"https:\/\/zoneelec.com.tn\/wp\/product\/interrupteur-fin-de-course-fct2l03x11\/","title":{"rendered":"INTERRUPTEUR FIN DE COURSE FCT2L03X11"},"content":{"rendered":"<p><span>Corps thermoplastique<\/span><br \/>\n<span>Degr\u00e9 de protection IP67<\/span><br \/>\n<strong><span>90\u00b0<\/span><\/strong><br \/>\n<span>Poussoir \u00e0 galet Types de contacts \u2013 action d\u00e9pendante et action brusque type \u00ab Zb \u00bb : X11 (1NF\/1NO Action lente) \u2013 Z11 (1NF\/1NO Action brusque)<\/span><br \/>\n<span>Entr\u00e9e connecteur int\u00e9gr\u00e9e : entr\u00e9e connecteur lat\u00e9ral \u2013 entr\u00e9e connecteur vertical<\/span><\/p>\n","protected":false},"excerpt":{"rendered":"<p>Corps thermoplastique Degr\u00e9 de protection IP67 90\u00b0 Poussoir \u00e0 galet Types de contacts \u2013 action d\u00e9pendante et action brusque type \u00ab Zb \u00bb : X11 (1NF\/1NO Action lente) \u2013 Z11 (1NF\/1NO Action brusque) Entr\u00e9e connecteur int\u00e9gr\u00e9e : entr\u00e9e connecteur lat\u00e9ral \u2013 entr\u00e9e connecteur vertical<\/p>\n","protected":false},"featured_media":5105,"comment_status":"open","ping_status":"closed","template":"","meta":[],"product_cat":[35,135],"product_tag":[],"class_list":["post-5104","product","type-product","status-publish","has-post-thumbnail","hentry","pwb-brand-giovenzana","product_cat-detecteur-et-capteur","product_cat-giovenzana"],"brands":[{"id":132,"name":"Giovenzana","slug":"giovenzana"}],"yoast_head":"<!-- This site is optimized with the Yoast SEO plugin v19.9 - https:\/\/yoast.com\/wordpress\/plugins\/seo\/ -->\n<title>INTERRUPTEUR FIN DE COURSE FCT2L03X11 - ZoneElec::PRO \u00e0 PRO<\/title>\n<meta name=\"robots\" content=\"index, follow, max-snippet:-1, max-image-preview:large, max-video-preview:-1\" \/>\n<link rel=\"canonical\" href=\"https:\/\/zoneelec.com.tn\/wp\/product\/interrupteur-fin-de-course-fct2l03x11\/\" \/>\n<meta property=\"og:locale\" content=\"fr_FR\" \/>\n<meta property=\"og:type\" content=\"article\" \/>\n<meta property=\"og:title\" content=\"INTERRUPTEUR FIN DE COURSE FCT2L03X11 - ZoneElec::PRO \u00e0 PRO\" \/>\n<meta property=\"og:description\" content=\"Corps thermoplastique Degr\u00e9 de protection IP67 90\u00b0 Poussoir \u00e0 galet Types de contacts \u2013 action d\u00e9pendante et action brusque type \u00ab Zb \u00bb : X11 (1NF\/1NO Action lente) \u2013 Z11 (1NF\/1NO Action brusque) Entr\u00e9e connecteur int\u00e9gr\u00e9e : entr\u00e9e connecteur lat\u00e9ral \u2013 entr\u00e9e connecteur vertical\" \/>\n<meta property=\"og:url\" content=\"https:\/\/zoneelec.com.tn\/wp\/product\/interrupteur-fin-de-course-fct2l03x11\/\" \/>\n<meta property=\"og:site_name\" content=\"ZoneElec::PRO \u00e0 PRO\" \/>\n<meta property=\"article:modified_time\" content=\"2022-10-25T08:24:03+00:00\" \/>\n<meta property=\"og:image\" content=\"https:\/\/zoneelec.com.tn\/wp\/wp-content\/uploads\/2022\/10\/FCT03.jpg\" \/>\n\t<meta property=\"og:image:width\" content=\"900\" \/>\n\t<meta property=\"og:image:height\" content=\"900\" \/>\n\t<meta property=\"og:image:type\" content=\"image\/jpeg\" \/>\n<meta name=\"twitter:card\" content=\"summary_large_image\" \/>\n<script type=\"application\/ld+json\" class=\"yoast-schema-graph\">{\"@context\":\"https:\/\/schema.org\",\"@graph\":[{\"@type\":\"WebPage\",\"@id\":\"https:\/\/zoneelec.com.tn\/wp\/product\/interrupteur-fin-de-course-fct2l03x11\/\",\"url\":\"https:\/\/zoneelec.com.tn\/wp\/product\/interrupteur-fin-de-course-fct2l03x11\/\",\"name\":\"INTERRUPTEUR FIN DE COURSE FCT2L03X11 - ZoneElec::PRO \u00e0 PRO\",\"isPartOf\":{\"@id\":\"https:\/\/zoneelec.com.tn\/wp\/#website\"},\"datePublished\":\"2022-10-25T08:24:02+00:00\",\"dateModified\":\"2022-10-25T08:24:03+00:00\",\"breadcrumb\":{\"@id\":\"https:\/\/zoneelec.com.tn\/wp\/product\/interrupteur-fin-de-course-fct2l03x11\/#breadcrumb\"},\"inLanguage\":\"fr-FR\",\"potentialAction\":[{\"@type\":\"ReadAction\",\"target\":[\"https:\/\/zoneelec.com.tn\/wp\/product\/interrupteur-fin-de-course-fct2l03x11\/\"]}]},{\"@type\":\"BreadcrumbList\",\"@id\":\"https:\/\/zoneelec.com.tn\/wp\/product\/interrupteur-fin-de-course-fct2l03x11\/#breadcrumb\",\"itemListElement\":[{\"@type\":\"ListItem\",\"position\":1,\"name\":\"Home\",\"item\":\"https:\/\/zoneelec.com.tn\/wp\/\"},{\"@type\":\"ListItem\",\"position\":2,\"name\":\"Shop\",\"item\":\"https:\/\/zoneelec.com.tn\/wp\/shop-2\/\"},{\"@type\":\"ListItem\",\"position\":3,\"name\":\"INTERRUPTEUR FIN DE COURSE FCT2L03X11\"}]},{\"@type\":\"WebSite\",\"@id\":\"https:\/\/zoneelec.com.tn\/wp\/#website\",\"url\":\"https:\/\/zoneelec.com.tn\/wp\/\",\"name\":\"ZoneElec::PRO \u00e0 PRO\",\"description\":\"\",\"publisher\":{\"@id\":\"https:\/\/zoneelec.com.tn\/wp\/#organization\"},\"potentialAction\":[{\"@type\":\"SearchAction\",\"target\":{\"@type\":\"EntryPoint\",\"urlTemplate\":\"https:\/\/zoneelec.com.tn\/wp\/?s={search_term_string}\"},\"query-input\":\"required name=search_term_string\"}],\"inLanguage\":\"fr-FR\"},{\"@type\":\"Organization\",\"@id\":\"https:\/\/zoneelec.com.tn\/wp\/#organization\",\"name\":\"ZoneElec::PRO \u00e0 PRO\",\"url\":\"https:\/\/zoneelec.com.tn\/wp\/\",\"logo\":{\"@type\":\"ImageObject\",\"inLanguage\":\"fr-FR\",\"@id\":\"https:\/\/zoneelec.com.tn\/wp\/#\/schema\/logo\/image\/\",\"url\":\"https:\/\/zoneelec.com.tn\/wp\/wp-content\/uploads\/2022\/05\/cropped-ze.png\",\"contentUrl\":\"https:\/\/zoneelec.com.tn\/wp\/wp-content\/uploads\/2022\/05\/cropped-ze.png\",\"width\":282,\"height\":228,\"caption\":\"ZoneElec::PRO \u00e0 PRO\"},\"image\":{\"@id\":\"https:\/\/zoneelec.com.tn\/wp\/#\/schema\/logo\/image\/\"}}]}<\/script>\n<!-- \/ Yoast SEO plugin. -->","yoast_head_json":{"title":"INTERRUPTEUR FIN DE COURSE FCT2L03X11 - ZoneElec::PRO \u00e0 PRO","robots":{"index":"index","follow":"follow","max-snippet":"max-snippet:-1","max-image-preview":"max-image-preview:large","max-video-preview":"max-video-preview:-1"},"canonical":"https:\/\/zoneelec.com.tn\/wp\/product\/interrupteur-fin-de-course-fct2l03x11\/","og_locale":"fr_FR","og_type":"article","og_title":"INTERRUPTEUR FIN DE COURSE FCT2L03X11 - ZoneElec::PRO \u00e0 PRO","og_description":"Corps thermoplastique Degr\u00e9 de protection IP67 90\u00b0 Poussoir \u00e0 galet Types de contacts \u2013 action d\u00e9pendante et action brusque type \u00ab Zb \u00bb : X11 (1NF\/1NO Action lente) \u2013 Z11 (1NF\/1NO Action brusque) Entr\u00e9e connecteur int\u00e9gr\u00e9e : entr\u00e9e connecteur lat\u00e9ral \u2013 entr\u00e9e connecteur vertical","og_url":"https:\/\/zoneelec.com.tn\/wp\/product\/interrupteur-fin-de-course-fct2l03x11\/","og_site_name":"ZoneElec::PRO \u00e0 PRO","article_modified_time":"2022-10-25T08:24:03+00:00","og_image":[{"width":900,"height":900,"url":"https:\/\/zoneelec.com.tn\/wp\/wp-content\/uploads\/2022\/10\/FCT03.jpg","type":"image\/jpeg"}],"twitter_card":"summary_large_image","schema":{"@context":"https:\/\/schema.org","@graph":[{"@type":"WebPage","@id":"https:\/\/zoneelec.com.tn\/wp\/product\/interrupteur-fin-de-course-fct2l03x11\/","url":"https:\/\/zoneelec.com.tn\/wp\/product\/interrupteur-fin-de-course-fct2l03x11\/","name":"INTERRUPTEUR FIN DE COURSE FCT2L03X11 - ZoneElec::PRO \u00e0 PRO","isPartOf":{"@id":"https:\/\/zoneelec.com.tn\/wp\/#website"},"datePublished":"2022-10-25T08:24:02+00:00","dateModified":"2022-10-25T08:24:03+00:00","breadcrumb":{"@id":"https:\/\/zoneelec.com.tn\/wp\/product\/interrupteur-fin-de-course-fct2l03x11\/#breadcrumb"},"inLanguage":"fr-FR","potentialAction":[{"@type":"ReadAction","target":["https:\/\/zoneelec.com.tn\/wp\/product\/interrupteur-fin-de-course-fct2l03x11\/"]}]},{"@type":"BreadcrumbList","@id":"https:\/\/zoneelec.com.tn\/wp\/product\/interrupteur-fin-de-course-fct2l03x11\/#breadcrumb","itemListElement":[{"@type":"ListItem","position":1,"name":"Home","item":"https:\/\/zoneelec.com.tn\/wp\/"},{"@type":"ListItem","position":2,"name":"Shop","item":"https:\/\/zoneelec.com.tn\/wp\/shop-2\/"},{"@type":"ListItem","position":3,"name":"INTERRUPTEUR FIN DE COURSE FCT2L03X11"}]},{"@type":"WebSite","@id":"https:\/\/zoneelec.com.tn\/wp\/#website","url":"https:\/\/zoneelec.com.tn\/wp\/","name":"ZoneElec::PRO \u00e0 PRO","description":"","publisher":{"@id":"https:\/\/zoneelec.com.tn\/wp\/#organization"},"potentialAction":[{"@type":"SearchAction","target":{"@type":"EntryPoint","urlTemplate":"https:\/\/zoneelec.com.tn\/wp\/?s={search_term_string}"},"query-input":"required name=search_term_string"}],"inLanguage":"fr-FR"},{"@type":"Organization","@id":"https:\/\/zoneelec.com.tn\/wp\/#organization","name":"ZoneElec::PRO \u00e0 PRO","url":"https:\/\/zoneelec.com.tn\/wp\/","logo":{"@type":"ImageObject","inLanguage":"fr-FR","@id":"https:\/\/zoneelec.com.tn\/wp\/#\/schema\/logo\/image\/","url":"https:\/\/zoneelec.com.tn\/wp\/wp-content\/uploads\/2022\/05\/cropped-ze.png","contentUrl":"https:\/\/zoneelec.com.tn\/wp\/wp-content\/uploads\/2022\/05\/cropped-ze.png","width":282,"height":228,"caption":"ZoneElec::PRO \u00e0 PRO"},"image":{"@id":"https:\/\/zoneelec.com.tn\/wp\/#\/schema\/logo\/image\/"}}]}},"_links":{"self":[{"href":"https:\/\/zoneelec.com.tn\/wp\/wp-json\/wp\/v2\/product\/5104","targetHints":{"allow":["GET"]}}],"collection":[{"href":"https:\/\/zoneelec.com.tn\/wp\/wp-json\/wp\/v2\/product"}],"about":[{"href":"https:\/\/zoneelec.com.tn\/wp\/wp-json\/wp\/v2\/types\/product"}],"replies":[{"embeddable":true,"href":"https:\/\/zoneelec.com.tn\/wp\/wp-json\/wp\/v2\/comments?post=5104"}],"version-history":[{"count":1,"href":"https:\/\/zoneelec.com.tn\/wp\/wp-json\/wp\/v2\/product\/5104\/revisions"}],"predecessor-version":[{"id":5106,"href":"https:\/\/zoneelec.com.tn\/wp\/wp-json\/wp\/v2\/product\/5104\/revisions\/5106"}],"wp:featuredmedia":[{"embeddable":true,"href":"https:\/\/zoneelec.com.tn\/wp\/wp-json\/wp\/v2\/media\/5105"}],"wp:attachment":[{"href":"https:\/\/zoneelec.com.tn\/wp\/wp-json\/wp\/v2\/media?parent=5104"}],"wp:term":[{"taxonomy":"product_cat","embeddable":true,"href":"https:\/\/zoneelec.com.tn\/wp\/wp-json\/wp\/v2\/product_cat?post=5104"},{"taxonomy":"product_tag","embeddable":true,"href":"https:\/\/zoneelec.com.tn\/wp\/wp-json\/wp\/v2\/product_tag?post=5104"}],"curies":[{"name":"wp","href":"https:\/\/api.w.org\/{rel}","templated":true}]}}