{"id":510,"date":"2022-05-24T15:06:54","date_gmt":"2022-05-24T15:06:54","guid":{"rendered":"https:\/\/zoneelec.com.tn\/wp\/?post_type=product&#038;p=510"},"modified":"2022-10-12T09:11:11","modified_gmt":"2022-10-12T09:11:11","slug":"pile-1620-energizer","status":"publish","type":"product","link":"https:\/\/zoneelec.com.tn\/wp\/product\/pile-1620-energizer\/","title":{"rendered":"Pile 1620 ENERGIZER"},"content":{"rendered":"<p>Pile miniature Lithium CR1620 x 1 fiable et longue duree Pile min. Lithium CR1620 x 1<\/p>\n<p>Ne vous fiez pas \u00e0 sa petite taille\u00a0: la pile au lithium Energizer 1620 3\u00a0volts garantit une alimentation fiable et longue dur\u00e9e pour tous vos appareils fonctionnant sur pile bouton. Des moniteurs de fr\u00e9quence cardiaque et glucom\u00e8tres aux t\u00e9l\u00e9commandes, syst\u00e8mes de d\u00e9verrouillage sans cl\u00e9, cl\u00e9s \u00e9lectroniques, montres, jouets et jeux (et m\u00eame des dispositifs encore plus sp\u00e9cialis\u00e9s), nos piles bouton sont compatibles avec les appareils qui font votre quotidien, pour vous permettre d&#8217;avancer. Ces piles bouton au lithium Energizer supportent les temp\u00e9ratures les plus extr\u00eames (de -30 \u00e0 60\u00a0\u00baC) et conservent leur \u00e9nergie dans leur emballage pendant\u00a010\u00a0ans, gage de fiabilit\u00e9 pour tous vos appareils. Con\u00e7ues sans mercure et vendues dans un emballage s\u00e9curit\u00e9 pour vos enfants, les piles bouton au lithium Energizer sont le choix responsable pour vos appareils sp\u00e9ciaux.<\/p>\n","protected":false},"excerpt":{"rendered":"<p>Pile miniature Lithium CR1620 x 1 fiable et longue duree Pile min. Lithium CR1620 x 1 Ne vous fiez pas \u00e0 sa petite taille\u00a0: la pile au lithium Energizer 1620 3\u00a0volts garantit une alimentation fiable et longue dur\u00e9e pour tous vos appareils fonctionnant sur pile bouton. Des moniteurs de fr\u00e9quence cardiaque et glucom\u00e8tres aux t\u00e9l\u00e9commandes, [&hellip;]<\/p>\n","protected":false},"featured_media":511,"comment_status":"open","ping_status":"closed","template":"","meta":[],"product_cat":[36],"product_tag":[],"class_list":["post-510","product","type-product","status-publish","has-post-thumbnail","hentry","product_cat-mesure-regulation-instrumentation"],"brands":[],"yoast_head":"<!-- This site is optimized with the Yoast SEO plugin v19.9 - https:\/\/yoast.com\/wordpress\/plugins\/seo\/ -->\n<title>Pile 1620 ENERGIZER - ZoneElec::PRO \u00e0 PRO<\/title>\n<meta name=\"robots\" content=\"index, follow, max-snippet:-1, max-image-preview:large, max-video-preview:-1\" \/>\n<link rel=\"canonical\" href=\"https:\/\/zoneelec.com.tn\/wp\/product\/pile-1620-energizer\/\" \/>\n<meta property=\"og:locale\" content=\"fr_FR\" \/>\n<meta property=\"og:type\" content=\"article\" \/>\n<meta property=\"og:title\" content=\"Pile 1620 ENERGIZER - ZoneElec::PRO \u00e0 PRO\" \/>\n<meta property=\"og:description\" content=\"Pile miniature Lithium CR1620 x 1 fiable et longue duree Pile min. Lithium CR1620 x 1 Ne vous fiez pas \u00e0 sa petite taille\u00a0: la pile au lithium Energizer 1620 3\u00a0volts garantit une alimentation fiable et longue dur\u00e9e pour tous vos appareils fonctionnant sur pile bouton. Des moniteurs de fr\u00e9quence cardiaque et glucom\u00e8tres aux t\u00e9l\u00e9commandes, [&hellip;]\" \/>\n<meta property=\"og:url\" content=\"https:\/\/zoneelec.com.tn\/wp\/product\/pile-1620-energizer\/\" \/>\n<meta property=\"og:site_name\" content=\"ZoneElec::PRO \u00e0 PRO\" \/>\n<meta property=\"article:modified_time\" content=\"2022-10-12T09:11:11+00:00\" \/>\n<meta property=\"og:image\" content=\"https:\/\/zoneelec.com.tn\/wp\/wp-content\/uploads\/2022\/05\/1620.jpg\" \/>\n\t<meta property=\"og:image:width\" content=\"380\" \/>\n\t<meta property=\"og:image:height\" content=\"557\" \/>\n\t<meta property=\"og:image:type\" content=\"image\/jpeg\" \/>\n<meta name=\"twitter:card\" content=\"summary_large_image\" \/>\n<meta name=\"twitter:label1\" content=\"Dur\u00e9e de lecture estim\u00e9e\" \/>\n\t<meta name=\"twitter:data1\" content=\"1 minute\" \/>\n<script type=\"application\/ld+json\" class=\"yoast-schema-graph\">{\"@context\":\"https:\/\/schema.org\",\"@graph\":[{\"@type\":\"WebPage\",\"@id\":\"https:\/\/zoneelec.com.tn\/wp\/product\/pile-1620-energizer\/\",\"url\":\"https:\/\/zoneelec.com.tn\/wp\/product\/pile-1620-energizer\/\",\"name\":\"Pile 1620 ENERGIZER - ZoneElec::PRO \u00e0 PRO\",\"isPartOf\":{\"@id\":\"https:\/\/zoneelec.com.tn\/wp\/#website\"},\"datePublished\":\"2022-05-24T15:06:54+00:00\",\"dateModified\":\"2022-10-12T09:11:11+00:00\",\"breadcrumb\":{\"@id\":\"https:\/\/zoneelec.com.tn\/wp\/product\/pile-1620-energizer\/#breadcrumb\"},\"inLanguage\":\"fr-FR\",\"potentialAction\":[{\"@type\":\"ReadAction\",\"target\":[\"https:\/\/zoneelec.com.tn\/wp\/product\/pile-1620-energizer\/\"]}]},{\"@type\":\"BreadcrumbList\",\"@id\":\"https:\/\/zoneelec.com.tn\/wp\/product\/pile-1620-energizer\/#breadcrumb\",\"itemListElement\":[{\"@type\":\"ListItem\",\"position\":1,\"name\":\"Home\",\"item\":\"https:\/\/zoneelec.com.tn\/wp\/\"},{\"@type\":\"ListItem\",\"position\":2,\"name\":\"Shop\",\"item\":\"https:\/\/zoneelec.com.tn\/wp\/shop-2\/\"},{\"@type\":\"ListItem\",\"position\":3,\"name\":\"Pile 1620 ENERGIZER\"}]},{\"@type\":\"WebSite\",\"@id\":\"https:\/\/zoneelec.com.tn\/wp\/#website\",\"url\":\"https:\/\/zoneelec.com.tn\/wp\/\",\"name\":\"ZoneElec::PRO \u00e0 PRO\",\"description\":\"\",\"publisher\":{\"@id\":\"https:\/\/zoneelec.com.tn\/wp\/#organization\"},\"potentialAction\":[{\"@type\":\"SearchAction\",\"target\":{\"@type\":\"EntryPoint\",\"urlTemplate\":\"https:\/\/zoneelec.com.tn\/wp\/?s={search_term_string}\"},\"query-input\":\"required name=search_term_string\"}],\"inLanguage\":\"fr-FR\"},{\"@type\":\"Organization\",\"@id\":\"https:\/\/zoneelec.com.tn\/wp\/#organization\",\"name\":\"ZoneElec::PRO \u00e0 PRO\",\"url\":\"https:\/\/zoneelec.com.tn\/wp\/\",\"logo\":{\"@type\":\"ImageObject\",\"inLanguage\":\"fr-FR\",\"@id\":\"https:\/\/zoneelec.com.tn\/wp\/#\/schema\/logo\/image\/\",\"url\":\"https:\/\/zoneelec.com.tn\/wp\/wp-content\/uploads\/2022\/05\/cropped-ze.png\",\"contentUrl\":\"https:\/\/zoneelec.com.tn\/wp\/wp-content\/uploads\/2022\/05\/cropped-ze.png\",\"width\":282,\"height\":228,\"caption\":\"ZoneElec::PRO \u00e0 PRO\"},\"image\":{\"@id\":\"https:\/\/zoneelec.com.tn\/wp\/#\/schema\/logo\/image\/\"}}]}<\/script>\n<!-- \/ Yoast SEO plugin. -->","yoast_head_json":{"title":"Pile 1620 ENERGIZER - ZoneElec::PRO \u00e0 PRO","robots":{"index":"index","follow":"follow","max-snippet":"max-snippet:-1","max-image-preview":"max-image-preview:large","max-video-preview":"max-video-preview:-1"},"canonical":"https:\/\/zoneelec.com.tn\/wp\/product\/pile-1620-energizer\/","og_locale":"fr_FR","og_type":"article","og_title":"Pile 1620 ENERGIZER - ZoneElec::PRO \u00e0 PRO","og_description":"Pile miniature Lithium CR1620 x 1 fiable et longue duree Pile min. Lithium CR1620 x 1 Ne vous fiez pas \u00e0 sa petite taille\u00a0: la pile au lithium Energizer 1620 3\u00a0volts garantit une alimentation fiable et longue dur\u00e9e pour tous vos appareils fonctionnant sur pile bouton. Des moniteurs de fr\u00e9quence cardiaque et glucom\u00e8tres aux t\u00e9l\u00e9commandes, [&hellip;]","og_url":"https:\/\/zoneelec.com.tn\/wp\/product\/pile-1620-energizer\/","og_site_name":"ZoneElec::PRO \u00e0 PRO","article_modified_time":"2022-10-12T09:11:11+00:00","og_image":[{"width":380,"height":557,"url":"https:\/\/zoneelec.com.tn\/wp\/wp-content\/uploads\/2022\/05\/1620.jpg","type":"image\/jpeg"}],"twitter_card":"summary_large_image","twitter_misc":{"Dur\u00e9e de lecture estim\u00e9e":"1 minute"},"schema":{"@context":"https:\/\/schema.org","@graph":[{"@type":"WebPage","@id":"https:\/\/zoneelec.com.tn\/wp\/product\/pile-1620-energizer\/","url":"https:\/\/zoneelec.com.tn\/wp\/product\/pile-1620-energizer\/","name":"Pile 1620 ENERGIZER - ZoneElec::PRO \u00e0 PRO","isPartOf":{"@id":"https:\/\/zoneelec.com.tn\/wp\/#website"},"datePublished":"2022-05-24T15:06:54+00:00","dateModified":"2022-10-12T09:11:11+00:00","breadcrumb":{"@id":"https:\/\/zoneelec.com.tn\/wp\/product\/pile-1620-energizer\/#breadcrumb"},"inLanguage":"fr-FR","potentialAction":[{"@type":"ReadAction","target":["https:\/\/zoneelec.com.tn\/wp\/product\/pile-1620-energizer\/"]}]},{"@type":"BreadcrumbList","@id":"https:\/\/zoneelec.com.tn\/wp\/product\/pile-1620-energizer\/#breadcrumb","itemListElement":[{"@type":"ListItem","position":1,"name":"Home","item":"https:\/\/zoneelec.com.tn\/wp\/"},{"@type":"ListItem","position":2,"name":"Shop","item":"https:\/\/zoneelec.com.tn\/wp\/shop-2\/"},{"@type":"ListItem","position":3,"name":"Pile 1620 ENERGIZER"}]},{"@type":"WebSite","@id":"https:\/\/zoneelec.com.tn\/wp\/#website","url":"https:\/\/zoneelec.com.tn\/wp\/","name":"ZoneElec::PRO \u00e0 PRO","description":"","publisher":{"@id":"https:\/\/zoneelec.com.tn\/wp\/#organization"},"potentialAction":[{"@type":"SearchAction","target":{"@type":"EntryPoint","urlTemplate":"https:\/\/zoneelec.com.tn\/wp\/?s={search_term_string}"},"query-input":"required name=search_term_string"}],"inLanguage":"fr-FR"},{"@type":"Organization","@id":"https:\/\/zoneelec.com.tn\/wp\/#organization","name":"ZoneElec::PRO \u00e0 PRO","url":"https:\/\/zoneelec.com.tn\/wp\/","logo":{"@type":"ImageObject","inLanguage":"fr-FR","@id":"https:\/\/zoneelec.com.tn\/wp\/#\/schema\/logo\/image\/","url":"https:\/\/zoneelec.com.tn\/wp\/wp-content\/uploads\/2022\/05\/cropped-ze.png","contentUrl":"https:\/\/zoneelec.com.tn\/wp\/wp-content\/uploads\/2022\/05\/cropped-ze.png","width":282,"height":228,"caption":"ZoneElec::PRO \u00e0 PRO"},"image":{"@id":"https:\/\/zoneelec.com.tn\/wp\/#\/schema\/logo\/image\/"}}]}},"_links":{"self":[{"href":"https:\/\/zoneelec.com.tn\/wp\/wp-json\/wp\/v2\/product\/510","targetHints":{"allow":["GET"]}}],"collection":[{"href":"https:\/\/zoneelec.com.tn\/wp\/wp-json\/wp\/v2\/product"}],"about":[{"href":"https:\/\/zoneelec.com.tn\/wp\/wp-json\/wp\/v2\/types\/product"}],"replies":[{"embeddable":true,"href":"https:\/\/zoneelec.com.tn\/wp\/wp-json\/wp\/v2\/comments?post=510"}],"version-history":[{"count":1,"href":"https:\/\/zoneelec.com.tn\/wp\/wp-json\/wp\/v2\/product\/510\/revisions"}],"predecessor-version":[{"id":4736,"href":"https:\/\/zoneelec.com.tn\/wp\/wp-json\/wp\/v2\/product\/510\/revisions\/4736"}],"wp:featuredmedia":[{"embeddable":true,"href":"https:\/\/zoneelec.com.tn\/wp\/wp-json\/wp\/v2\/media\/511"}],"wp:attachment":[{"href":"https:\/\/zoneelec.com.tn\/wp\/wp-json\/wp\/v2\/media?parent=510"}],"wp:term":[{"taxonomy":"product_cat","embeddable":true,"href":"https:\/\/zoneelec.com.tn\/wp\/wp-json\/wp\/v2\/product_cat?post=510"},{"taxonomy":"product_tag","embeddable":true,"href":"https:\/\/zoneelec.com.tn\/wp\/wp-json\/wp\/v2\/product_tag?post=510"}],"curies":[{"name":"wp","href":"https:\/\/api.w.org\/{rel}","templated":true}]}}