{"id":5092,"date":"2022-10-22T11:07:25","date_gmt":"2022-10-22T11:07:25","guid":{"rendered":"https:\/\/zoneelec.com.tn\/wp\/?post_type=product&#038;p=5092"},"modified":"2022-10-22T11:10:13","modified_gmt":"2022-10-22T11:10:13","slug":"plaque-etanche-3modules-blanc-alpha","status":"publish","type":"product","link":"https:\/\/zoneelec.com.tn\/wp\/product\/plaque-etanche-3modules-blanc-alpha\/","title":{"rendered":"PLAQUE \u00c9TANCHE 3 MODULES BLANC ALPHA"},"content":{"rendered":"<ul class=\"list-group list-group-flush\">\n<li>Porte module \u00e9tanche encastr\u00e9 3 modules \/ Couvercle avec Gaine transparente IP 54<\/li>\n<li>Couleur: Blanc<\/li>\n<li class=\"list-group-item\">Livraison: livraison sur toute la tunisie.<\/li>\n<\/ul>\n","protected":false},"excerpt":{"rendered":"<p>Porte module \u00e9tanche encastr\u00e9 3 modules \/ Couvercle avec Gaine transparente IP 54 Couleur: Blanc Livraison: livraison sur toute la tunisie.<\/p>\n","protected":false},"featured_media":5093,"comment_status":"open","ping_status":"closed","template":"","meta":[],"product_cat":[137,46],"product_tag":[],"class_list":["post-5092","product","type-product","status-publish","has-post-thumbnail","hentry","pwb-brand-alpha-stiel","product_cat-alpha-stiel","product_cat-appareillage-terminale"],"brands":[{"id":138,"name":"ALPHA STIEL","slug":"alpha-stiel"}],"yoast_head":"<!-- This site is optimized with the Yoast SEO plugin v19.9 - https:\/\/yoast.com\/wordpress\/plugins\/seo\/ -->\n<title>PLAQUE \u00c9TANCHE 3 MODULES BLANC ALPHA - ZoneElec::PRO \u00e0 PRO<\/title>\n<meta name=\"robots\" content=\"index, follow, max-snippet:-1, max-image-preview:large, max-video-preview:-1\" \/>\n<link rel=\"canonical\" href=\"https:\/\/zoneelec.com.tn\/wp\/product\/plaque-etanche-3modules-blanc-alpha\/\" \/>\n<meta property=\"og:locale\" content=\"fr_FR\" \/>\n<meta property=\"og:type\" content=\"article\" \/>\n<meta property=\"og:title\" content=\"PLAQUE \u00c9TANCHE 3 MODULES BLANC ALPHA - ZoneElec::PRO \u00e0 PRO\" \/>\n<meta property=\"og:description\" content=\"Porte module \u00e9tanche encastr\u00e9 3 modules \/ Couvercle avec Gaine transparente IP 54 Couleur: Blanc Livraison: livraison sur toute la tunisie.\" \/>\n<meta property=\"og:url\" content=\"https:\/\/zoneelec.com.tn\/wp\/product\/plaque-etanche-3modules-blanc-alpha\/\" \/>\n<meta property=\"og:site_name\" content=\"ZoneElec::PRO \u00e0 PRO\" \/>\n<meta property=\"article:modified_time\" content=\"2022-10-22T11:10:13+00:00\" \/>\n<meta property=\"og:image\" content=\"https:\/\/zoneelec.com.tn\/wp\/wp-content\/uploads\/2022\/10\/66ec2757276bcfc5c812aa6efda0f00a.jpg\" \/>\n\t<meta property=\"og:image:width\" content=\"400\" \/>\n\t<meta property=\"og:image:height\" content=\"400\" \/>\n\t<meta property=\"og:image:type\" content=\"image\/jpeg\" \/>\n<meta name=\"twitter:card\" content=\"summary_large_image\" \/>\n<meta name=\"twitter:label1\" content=\"Dur\u00e9e de lecture estim\u00e9e\" \/>\n\t<meta name=\"twitter:data1\" content=\"1 minute\" \/>\n<script type=\"application\/ld+json\" class=\"yoast-schema-graph\">{\"@context\":\"https:\/\/schema.org\",\"@graph\":[{\"@type\":\"WebPage\",\"@id\":\"https:\/\/zoneelec.com.tn\/wp\/product\/plaque-etanche-3modules-blanc-alpha\/\",\"url\":\"https:\/\/zoneelec.com.tn\/wp\/product\/plaque-etanche-3modules-blanc-alpha\/\",\"name\":\"PLAQUE \u00c9TANCHE 3 MODULES BLANC ALPHA - ZoneElec::PRO \u00e0 PRO\",\"isPartOf\":{\"@id\":\"https:\/\/zoneelec.com.tn\/wp\/#website\"},\"datePublished\":\"2022-10-22T11:07:25+00:00\",\"dateModified\":\"2022-10-22T11:10:13+00:00\",\"breadcrumb\":{\"@id\":\"https:\/\/zoneelec.com.tn\/wp\/product\/plaque-etanche-3modules-blanc-alpha\/#breadcrumb\"},\"inLanguage\":\"fr-FR\",\"potentialAction\":[{\"@type\":\"ReadAction\",\"target\":[\"https:\/\/zoneelec.com.tn\/wp\/product\/plaque-etanche-3modules-blanc-alpha\/\"]}]},{\"@type\":\"BreadcrumbList\",\"@id\":\"https:\/\/zoneelec.com.tn\/wp\/product\/plaque-etanche-3modules-blanc-alpha\/#breadcrumb\",\"itemListElement\":[{\"@type\":\"ListItem\",\"position\":1,\"name\":\"Home\",\"item\":\"https:\/\/zoneelec.com.tn\/wp\/\"},{\"@type\":\"ListItem\",\"position\":2,\"name\":\"Shop\",\"item\":\"https:\/\/zoneelec.com.tn\/wp\/shop-2\/\"},{\"@type\":\"ListItem\",\"position\":3,\"name\":\"PLAQUE \u00c9TANCHE 3 MODULES BLANC ALPHA\"}]},{\"@type\":\"WebSite\",\"@id\":\"https:\/\/zoneelec.com.tn\/wp\/#website\",\"url\":\"https:\/\/zoneelec.com.tn\/wp\/\",\"name\":\"ZoneElec::PRO \u00e0 PRO\",\"description\":\"\",\"publisher\":{\"@id\":\"https:\/\/zoneelec.com.tn\/wp\/#organization\"},\"potentialAction\":[{\"@type\":\"SearchAction\",\"target\":{\"@type\":\"EntryPoint\",\"urlTemplate\":\"https:\/\/zoneelec.com.tn\/wp\/?s={search_term_string}\"},\"query-input\":\"required name=search_term_string\"}],\"inLanguage\":\"fr-FR\"},{\"@type\":\"Organization\",\"@id\":\"https:\/\/zoneelec.com.tn\/wp\/#organization\",\"name\":\"ZoneElec::PRO \u00e0 PRO\",\"url\":\"https:\/\/zoneelec.com.tn\/wp\/\",\"logo\":{\"@type\":\"ImageObject\",\"inLanguage\":\"fr-FR\",\"@id\":\"https:\/\/zoneelec.com.tn\/wp\/#\/schema\/logo\/image\/\",\"url\":\"https:\/\/zoneelec.com.tn\/wp\/wp-content\/uploads\/2022\/05\/cropped-ze.png\",\"contentUrl\":\"https:\/\/zoneelec.com.tn\/wp\/wp-content\/uploads\/2022\/05\/cropped-ze.png\",\"width\":282,\"height\":228,\"caption\":\"ZoneElec::PRO \u00e0 PRO\"},\"image\":{\"@id\":\"https:\/\/zoneelec.com.tn\/wp\/#\/schema\/logo\/image\/\"}}]}<\/script>\n<!-- \/ Yoast SEO plugin. -->","yoast_head_json":{"title":"PLAQUE \u00c9TANCHE 3 MODULES BLANC ALPHA - ZoneElec::PRO \u00e0 PRO","robots":{"index":"index","follow":"follow","max-snippet":"max-snippet:-1","max-image-preview":"max-image-preview:large","max-video-preview":"max-video-preview:-1"},"canonical":"https:\/\/zoneelec.com.tn\/wp\/product\/plaque-etanche-3modules-blanc-alpha\/","og_locale":"fr_FR","og_type":"article","og_title":"PLAQUE \u00c9TANCHE 3 MODULES BLANC ALPHA - ZoneElec::PRO \u00e0 PRO","og_description":"Porte module \u00e9tanche encastr\u00e9 3 modules \/ Couvercle avec Gaine transparente IP 54 Couleur: Blanc Livraison: livraison sur toute la tunisie.","og_url":"https:\/\/zoneelec.com.tn\/wp\/product\/plaque-etanche-3modules-blanc-alpha\/","og_site_name":"ZoneElec::PRO \u00e0 PRO","article_modified_time":"2022-10-22T11:10:13+00:00","og_image":[{"width":400,"height":400,"url":"https:\/\/zoneelec.com.tn\/wp\/wp-content\/uploads\/2022\/10\/66ec2757276bcfc5c812aa6efda0f00a.jpg","type":"image\/jpeg"}],"twitter_card":"summary_large_image","twitter_misc":{"Dur\u00e9e de lecture estim\u00e9e":"1 minute"},"schema":{"@context":"https:\/\/schema.org","@graph":[{"@type":"WebPage","@id":"https:\/\/zoneelec.com.tn\/wp\/product\/plaque-etanche-3modules-blanc-alpha\/","url":"https:\/\/zoneelec.com.tn\/wp\/product\/plaque-etanche-3modules-blanc-alpha\/","name":"PLAQUE \u00c9TANCHE 3 MODULES BLANC ALPHA - ZoneElec::PRO \u00e0 PRO","isPartOf":{"@id":"https:\/\/zoneelec.com.tn\/wp\/#website"},"datePublished":"2022-10-22T11:07:25+00:00","dateModified":"2022-10-22T11:10:13+00:00","breadcrumb":{"@id":"https:\/\/zoneelec.com.tn\/wp\/product\/plaque-etanche-3modules-blanc-alpha\/#breadcrumb"},"inLanguage":"fr-FR","potentialAction":[{"@type":"ReadAction","target":["https:\/\/zoneelec.com.tn\/wp\/product\/plaque-etanche-3modules-blanc-alpha\/"]}]},{"@type":"BreadcrumbList","@id":"https:\/\/zoneelec.com.tn\/wp\/product\/plaque-etanche-3modules-blanc-alpha\/#breadcrumb","itemListElement":[{"@type":"ListItem","position":1,"name":"Home","item":"https:\/\/zoneelec.com.tn\/wp\/"},{"@type":"ListItem","position":2,"name":"Shop","item":"https:\/\/zoneelec.com.tn\/wp\/shop-2\/"},{"@type":"ListItem","position":3,"name":"PLAQUE \u00c9TANCHE 3 MODULES BLANC ALPHA"}]},{"@type":"WebSite","@id":"https:\/\/zoneelec.com.tn\/wp\/#website","url":"https:\/\/zoneelec.com.tn\/wp\/","name":"ZoneElec::PRO \u00e0 PRO","description":"","publisher":{"@id":"https:\/\/zoneelec.com.tn\/wp\/#organization"},"potentialAction":[{"@type":"SearchAction","target":{"@type":"EntryPoint","urlTemplate":"https:\/\/zoneelec.com.tn\/wp\/?s={search_term_string}"},"query-input":"required name=search_term_string"}],"inLanguage":"fr-FR"},{"@type":"Organization","@id":"https:\/\/zoneelec.com.tn\/wp\/#organization","name":"ZoneElec::PRO \u00e0 PRO","url":"https:\/\/zoneelec.com.tn\/wp\/","logo":{"@type":"ImageObject","inLanguage":"fr-FR","@id":"https:\/\/zoneelec.com.tn\/wp\/#\/schema\/logo\/image\/","url":"https:\/\/zoneelec.com.tn\/wp\/wp-content\/uploads\/2022\/05\/cropped-ze.png","contentUrl":"https:\/\/zoneelec.com.tn\/wp\/wp-content\/uploads\/2022\/05\/cropped-ze.png","width":282,"height":228,"caption":"ZoneElec::PRO \u00e0 PRO"},"image":{"@id":"https:\/\/zoneelec.com.tn\/wp\/#\/schema\/logo\/image\/"}}]}},"_links":{"self":[{"href":"https:\/\/zoneelec.com.tn\/wp\/wp-json\/wp\/v2\/product\/5092","targetHints":{"allow":["GET"]}}],"collection":[{"href":"https:\/\/zoneelec.com.tn\/wp\/wp-json\/wp\/v2\/product"}],"about":[{"href":"https:\/\/zoneelec.com.tn\/wp\/wp-json\/wp\/v2\/types\/product"}],"replies":[{"embeddable":true,"href":"https:\/\/zoneelec.com.tn\/wp\/wp-json\/wp\/v2\/comments?post=5092"}],"version-history":[{"count":3,"href":"https:\/\/zoneelec.com.tn\/wp\/wp-json\/wp\/v2\/product\/5092\/revisions"}],"predecessor-version":[{"id":5098,"href":"https:\/\/zoneelec.com.tn\/wp\/wp-json\/wp\/v2\/product\/5092\/revisions\/5098"}],"wp:featuredmedia":[{"embeddable":true,"href":"https:\/\/zoneelec.com.tn\/wp\/wp-json\/wp\/v2\/media\/5093"}],"wp:attachment":[{"href":"https:\/\/zoneelec.com.tn\/wp\/wp-json\/wp\/v2\/media?parent=5092"}],"wp:term":[{"taxonomy":"product_cat","embeddable":true,"href":"https:\/\/zoneelec.com.tn\/wp\/wp-json\/wp\/v2\/product_cat?post=5092"},{"taxonomy":"product_tag","embeddable":true,"href":"https:\/\/zoneelec.com.tn\/wp\/wp-json\/wp\/v2\/product_tag?post=5092"}],"curies":[{"name":"wp","href":"https:\/\/api.w.org\/{rel}","templated":true}]}}