{"id":443,"date":"2022-05-16T11:29:29","date_gmt":"2022-05-16T11:29:29","guid":{"rendered":"https:\/\/zoneelec.com.tn\/wp\/?post_type=product&#038;p=443"},"modified":"2022-10-17T13:28:20","modified_gmt":"2022-10-17T13:28:20","slug":"disjoncteur-moteur-schneider","status":"publish","type":"product","link":"https:\/\/zoneelec.com.tn\/wp\/product\/disjoncteur-moteur-schneider\/","title":{"rendered":"Disjoncteur moteur Schneider"},"content":{"rendered":"<p>les diff\u00e8rent r\u00e9f\u00e9rences :<\/p>\n<ul>\n<li>Disjoncteur moteur 0.25-0.4A\u00a0 GV2ME03<\/li>\n<li>Disjoncteur moteur 0.4-0.63A\u00a0 GV2ME04<\/li>\n<li>Disjoncteur moteur 0.63-1A\u00a0 GV2ME05<\/li>\n<li>Disjoncteur moteur 1-1.6A\u00a0 GV2ME06<\/li>\n<li>Disjoncteur moteur 1.6-2.5A\u00a0 GV2ME07<\/li>\n<li>Disjoncteur moteur 2.5-4A\u00a0 GV2ME08<\/li>\n<li>Disjoncteur moteur 4-6.3A\u00a0 GV2ME010<\/li>\n<li>Disjoncteur moteur 6.3-10A\u00a0 GV2ME14<\/li>\n<li>Disjoncteur moteur 9-14A\u00a0 GV2ME16<\/li>\n<li>Disjoncteur moteur 13-18A\u00a0 GV2ME20<\/li>\n<li>Disjoncteur moteur 17-23A\u00a0 GV2ME21<\/li>\n<li>Disjoncteur moteur 20-25A\u00a0 GV2ME22<\/li>\n<li>Disjoncteur moteur 24-32A\u00a0 GV2ME32<\/li>\n<\/ul>\n","protected":false},"excerpt":{"rendered":"<p>les diff\u00e8rent r\u00e9f\u00e9rences : Disjoncteur moteur 0.25-0.4A\u00a0 GV2ME03 Disjoncteur moteur 0.4-0.63A\u00a0 GV2ME04 Disjoncteur moteur 0.63-1A\u00a0 GV2ME05 Disjoncteur moteur 1-1.6A\u00a0 GV2ME06 Disjoncteur moteur 1.6-2.5A\u00a0 GV2ME07 Disjoncteur moteur 2.5-4A\u00a0 GV2ME08 Disjoncteur moteur 4-6.3A\u00a0 GV2ME010 Disjoncteur moteur 6.3-10A\u00a0 GV2ME14 Disjoncteur moteur 9-14A\u00a0 GV2ME16 Disjoncteur moteur 13-18A\u00a0 GV2ME20 Disjoncteur moteur 17-23A\u00a0 GV2ME21 Disjoncteur moteur 20-25A\u00a0 GV2ME22 Disjoncteur moteur 24-32A\u00a0 [&hellip;]<\/p>\n","protected":false},"featured_media":444,"comment_status":"open","ping_status":"closed","template":"","meta":[],"product_cat":[32,134],"product_tag":[],"class_list":["post-443","product","type-product","status-publish","has-post-thumbnail","hentry","pwb-brand-schneider","product_cat-commande-et-protection-moteur","product_cat-schneider-electric"],"brands":[{"id":136,"name":"Schneider","slug":"schneider"}],"yoast_head":"<!-- This site is optimized with the Yoast SEO plugin v19.9 - https:\/\/yoast.com\/wordpress\/plugins\/seo\/ -->\n<title>Disjoncteur moteur Schneider - ZoneElec::PRO \u00e0 PRO<\/title>\n<meta name=\"robots\" content=\"index, follow, max-snippet:-1, max-image-preview:large, max-video-preview:-1\" \/>\n<link rel=\"canonical\" href=\"https:\/\/zoneelec.com.tn\/wp\/product\/disjoncteur-moteur-schneider\/\" \/>\n<meta property=\"og:locale\" content=\"fr_FR\" \/>\n<meta property=\"og:type\" content=\"article\" \/>\n<meta property=\"og:title\" content=\"Disjoncteur moteur Schneider - ZoneElec::PRO \u00e0 PRO\" \/>\n<meta property=\"og:description\" content=\"les diff\u00e8rent r\u00e9f\u00e9rences : Disjoncteur moteur 0.25-0.4A\u00a0 GV2ME03 Disjoncteur moteur 0.4-0.63A\u00a0 GV2ME04 Disjoncteur moteur 0.63-1A\u00a0 GV2ME05 Disjoncteur moteur 1-1.6A\u00a0 GV2ME06 Disjoncteur moteur 1.6-2.5A\u00a0 GV2ME07 Disjoncteur moteur 2.5-4A\u00a0 GV2ME08 Disjoncteur moteur 4-6.3A\u00a0 GV2ME010 Disjoncteur moteur 6.3-10A\u00a0 GV2ME14 Disjoncteur moteur 9-14A\u00a0 GV2ME16 Disjoncteur moteur 13-18A\u00a0 GV2ME20 Disjoncteur moteur 17-23A\u00a0 GV2ME21 Disjoncteur moteur 20-25A\u00a0 GV2ME22 Disjoncteur moteur 24-32A\u00a0 [&hellip;]\" \/>\n<meta property=\"og:url\" content=\"https:\/\/zoneelec.com.tn\/wp\/product\/disjoncteur-moteur-schneider\/\" \/>\n<meta property=\"og:site_name\" content=\"ZoneElec::PRO \u00e0 PRO\" \/>\n<meta property=\"article:modified_time\" content=\"2022-10-17T13:28:20+00:00\" \/>\n<meta property=\"og:image\" content=\"https:\/\/zoneelec.com.tn\/wp\/wp-content\/uploads\/2022\/05\/gv2me05-disjoncteur-moteur-schneider-gv2me-063-a-1a-3p-3d-declencheur-magneto-thermique.jpg\" \/>\n\t<meta property=\"og:image:width\" content=\"1500\" \/>\n\t<meta property=\"og:image:height\" content=\"1500\" \/>\n\t<meta property=\"og:image:type\" content=\"image\/jpeg\" \/>\n<meta name=\"twitter:card\" content=\"summary_large_image\" \/>\n<script type=\"application\/ld+json\" class=\"yoast-schema-graph\">{\"@context\":\"https:\/\/schema.org\",\"@graph\":[{\"@type\":\"WebPage\",\"@id\":\"https:\/\/zoneelec.com.tn\/wp\/product\/disjoncteur-moteur-schneider\/\",\"url\":\"https:\/\/zoneelec.com.tn\/wp\/product\/disjoncteur-moteur-schneider\/\",\"name\":\"Disjoncteur moteur Schneider - ZoneElec::PRO \u00e0 PRO\",\"isPartOf\":{\"@id\":\"https:\/\/zoneelec.com.tn\/wp\/#website\"},\"datePublished\":\"2022-05-16T11:29:29+00:00\",\"dateModified\":\"2022-10-17T13:28:20+00:00\",\"breadcrumb\":{\"@id\":\"https:\/\/zoneelec.com.tn\/wp\/product\/disjoncteur-moteur-schneider\/#breadcrumb\"},\"inLanguage\":\"fr-FR\",\"potentialAction\":[{\"@type\":\"ReadAction\",\"target\":[\"https:\/\/zoneelec.com.tn\/wp\/product\/disjoncteur-moteur-schneider\/\"]}]},{\"@type\":\"BreadcrumbList\",\"@id\":\"https:\/\/zoneelec.com.tn\/wp\/product\/disjoncteur-moteur-schneider\/#breadcrumb\",\"itemListElement\":[{\"@type\":\"ListItem\",\"position\":1,\"name\":\"Home\",\"item\":\"https:\/\/zoneelec.com.tn\/wp\/\"},{\"@type\":\"ListItem\",\"position\":2,\"name\":\"Shop\",\"item\":\"https:\/\/zoneelec.com.tn\/wp\/shop-2\/\"},{\"@type\":\"ListItem\",\"position\":3,\"name\":\"Disjoncteur moteur Schneider\"}]},{\"@type\":\"WebSite\",\"@id\":\"https:\/\/zoneelec.com.tn\/wp\/#website\",\"url\":\"https:\/\/zoneelec.com.tn\/wp\/\",\"name\":\"ZoneElec::PRO \u00e0 PRO\",\"description\":\"\",\"publisher\":{\"@id\":\"https:\/\/zoneelec.com.tn\/wp\/#organization\"},\"potentialAction\":[{\"@type\":\"SearchAction\",\"target\":{\"@type\":\"EntryPoint\",\"urlTemplate\":\"https:\/\/zoneelec.com.tn\/wp\/?s={search_term_string}\"},\"query-input\":\"required name=search_term_string\"}],\"inLanguage\":\"fr-FR\"},{\"@type\":\"Organization\",\"@id\":\"https:\/\/zoneelec.com.tn\/wp\/#organization\",\"name\":\"ZoneElec::PRO \u00e0 PRO\",\"url\":\"https:\/\/zoneelec.com.tn\/wp\/\",\"logo\":{\"@type\":\"ImageObject\",\"inLanguage\":\"fr-FR\",\"@id\":\"https:\/\/zoneelec.com.tn\/wp\/#\/schema\/logo\/image\/\",\"url\":\"https:\/\/zoneelec.com.tn\/wp\/wp-content\/uploads\/2022\/05\/cropped-ze.png\",\"contentUrl\":\"https:\/\/zoneelec.com.tn\/wp\/wp-content\/uploads\/2022\/05\/cropped-ze.png\",\"width\":282,\"height\":228,\"caption\":\"ZoneElec::PRO \u00e0 PRO\"},\"image\":{\"@id\":\"https:\/\/zoneelec.com.tn\/wp\/#\/schema\/logo\/image\/\"}}]}<\/script>\n<!-- \/ Yoast SEO plugin. -->","yoast_head_json":{"title":"Disjoncteur moteur Schneider - ZoneElec::PRO \u00e0 PRO","robots":{"index":"index","follow":"follow","max-snippet":"max-snippet:-1","max-image-preview":"max-image-preview:large","max-video-preview":"max-video-preview:-1"},"canonical":"https:\/\/zoneelec.com.tn\/wp\/product\/disjoncteur-moteur-schneider\/","og_locale":"fr_FR","og_type":"article","og_title":"Disjoncteur moteur Schneider - ZoneElec::PRO \u00e0 PRO","og_description":"les diff\u00e8rent r\u00e9f\u00e9rences : Disjoncteur moteur 0.25-0.4A\u00a0 GV2ME03 Disjoncteur moteur 0.4-0.63A\u00a0 GV2ME04 Disjoncteur moteur 0.63-1A\u00a0 GV2ME05 Disjoncteur moteur 1-1.6A\u00a0 GV2ME06 Disjoncteur moteur 1.6-2.5A\u00a0 GV2ME07 Disjoncteur moteur 2.5-4A\u00a0 GV2ME08 Disjoncteur moteur 4-6.3A\u00a0 GV2ME010 Disjoncteur moteur 6.3-10A\u00a0 GV2ME14 Disjoncteur moteur 9-14A\u00a0 GV2ME16 Disjoncteur moteur 13-18A\u00a0 GV2ME20 Disjoncteur moteur 17-23A\u00a0 GV2ME21 Disjoncteur moteur 20-25A\u00a0 GV2ME22 Disjoncteur moteur 24-32A\u00a0 [&hellip;]","og_url":"https:\/\/zoneelec.com.tn\/wp\/product\/disjoncteur-moteur-schneider\/","og_site_name":"ZoneElec::PRO \u00e0 PRO","article_modified_time":"2022-10-17T13:28:20+00:00","og_image":[{"width":1500,"height":1500,"url":"https:\/\/zoneelec.com.tn\/wp\/wp-content\/uploads\/2022\/05\/gv2me05-disjoncteur-moteur-schneider-gv2me-063-a-1a-3p-3d-declencheur-magneto-thermique.jpg","type":"image\/jpeg"}],"twitter_card":"summary_large_image","schema":{"@context":"https:\/\/schema.org","@graph":[{"@type":"WebPage","@id":"https:\/\/zoneelec.com.tn\/wp\/product\/disjoncteur-moteur-schneider\/","url":"https:\/\/zoneelec.com.tn\/wp\/product\/disjoncteur-moteur-schneider\/","name":"Disjoncteur moteur Schneider - ZoneElec::PRO \u00e0 PRO","isPartOf":{"@id":"https:\/\/zoneelec.com.tn\/wp\/#website"},"datePublished":"2022-05-16T11:29:29+00:00","dateModified":"2022-10-17T13:28:20+00:00","breadcrumb":{"@id":"https:\/\/zoneelec.com.tn\/wp\/product\/disjoncteur-moteur-schneider\/#breadcrumb"},"inLanguage":"fr-FR","potentialAction":[{"@type":"ReadAction","target":["https:\/\/zoneelec.com.tn\/wp\/product\/disjoncteur-moteur-schneider\/"]}]},{"@type":"BreadcrumbList","@id":"https:\/\/zoneelec.com.tn\/wp\/product\/disjoncteur-moteur-schneider\/#breadcrumb","itemListElement":[{"@type":"ListItem","position":1,"name":"Home","item":"https:\/\/zoneelec.com.tn\/wp\/"},{"@type":"ListItem","position":2,"name":"Shop","item":"https:\/\/zoneelec.com.tn\/wp\/shop-2\/"},{"@type":"ListItem","position":3,"name":"Disjoncteur moteur Schneider"}]},{"@type":"WebSite","@id":"https:\/\/zoneelec.com.tn\/wp\/#website","url":"https:\/\/zoneelec.com.tn\/wp\/","name":"ZoneElec::PRO \u00e0 PRO","description":"","publisher":{"@id":"https:\/\/zoneelec.com.tn\/wp\/#organization"},"potentialAction":[{"@type":"SearchAction","target":{"@type":"EntryPoint","urlTemplate":"https:\/\/zoneelec.com.tn\/wp\/?s={search_term_string}"},"query-input":"required name=search_term_string"}],"inLanguage":"fr-FR"},{"@type":"Organization","@id":"https:\/\/zoneelec.com.tn\/wp\/#organization","name":"ZoneElec::PRO \u00e0 PRO","url":"https:\/\/zoneelec.com.tn\/wp\/","logo":{"@type":"ImageObject","inLanguage":"fr-FR","@id":"https:\/\/zoneelec.com.tn\/wp\/#\/schema\/logo\/image\/","url":"https:\/\/zoneelec.com.tn\/wp\/wp-content\/uploads\/2022\/05\/cropped-ze.png","contentUrl":"https:\/\/zoneelec.com.tn\/wp\/wp-content\/uploads\/2022\/05\/cropped-ze.png","width":282,"height":228,"caption":"ZoneElec::PRO \u00e0 PRO"},"image":{"@id":"https:\/\/zoneelec.com.tn\/wp\/#\/schema\/logo\/image\/"}}]}},"_links":{"self":[{"href":"https:\/\/zoneelec.com.tn\/wp\/wp-json\/wp\/v2\/product\/443","targetHints":{"allow":["GET"]}}],"collection":[{"href":"https:\/\/zoneelec.com.tn\/wp\/wp-json\/wp\/v2\/product"}],"about":[{"href":"https:\/\/zoneelec.com.tn\/wp\/wp-json\/wp\/v2\/types\/product"}],"replies":[{"embeddable":true,"href":"https:\/\/zoneelec.com.tn\/wp\/wp-json\/wp\/v2\/comments?post=443"}],"version-history":[{"count":2,"href":"https:\/\/zoneelec.com.tn\/wp\/wp-json\/wp\/v2\/product\/443\/revisions"}],"predecessor-version":[{"id":4765,"href":"https:\/\/zoneelec.com.tn\/wp\/wp-json\/wp\/v2\/product\/443\/revisions\/4765"}],"wp:featuredmedia":[{"embeddable":true,"href":"https:\/\/zoneelec.com.tn\/wp\/wp-json\/wp\/v2\/media\/444"}],"wp:attachment":[{"href":"https:\/\/zoneelec.com.tn\/wp\/wp-json\/wp\/v2\/media?parent=443"}],"wp:term":[{"taxonomy":"product_cat","embeddable":true,"href":"https:\/\/zoneelec.com.tn\/wp\/wp-json\/wp\/v2\/product_cat?post=443"},{"taxonomy":"product_tag","embeddable":true,"href":"https:\/\/zoneelec.com.tn\/wp\/wp-json\/wp\/v2\/product_tag?post=443"}],"curies":[{"name":"wp","href":"https:\/\/api.w.org\/{rel}","templated":true}]}}