{"id":387,"date":"2022-05-11T15:07:42","date_gmt":"2022-05-11T15:07:42","guid":{"rendered":"https:\/\/zoneelec.com.tn\/wp\/?post_type=product&#038;p=387"},"modified":"2022-10-12T10:19:59","modified_gmt":"2022-10-12T10:19:59","slug":"fiche-male-3pnt-16a","status":"publish","type":"product","link":"https:\/\/zoneelec.com.tn\/wp\/product\/fiche-male-3pnt-16a\/","title":{"rendered":"Fiche male 3P+N+T 16A"},"content":{"rendered":"<ul>\n<li>Prise industrielle CEE compatible avec la norme IEC-60309.<\/li>\n<li>Prend en charge les tensions de 220V \u00e0 380V et 16 A. Code couleur Rouge.<\/li>\n<li>Protection de l&#8217;environnement IP44 contre la poussi\u00e8re, l&#8217;humidit\u00e9 et l&#8217;eau. Comprend un capuchon de protection.<\/li>\n<li>Fabriqu\u00e9 en plastique PVC de qualit\u00e9 sup\u00e9rieure.<\/li>\n<\/ul>\n","protected":false},"excerpt":{"rendered":"<p>Prise industrielle CEE compatible avec la norme IEC-60309. Prend en charge les tensions de 220V \u00e0 380V et 16 A. Code couleur Rouge. Protection de l&#8217;environnement IP44 contre la poussi\u00e8re, l&#8217;humidit\u00e9 et l&#8217;eau. Comprend un capuchon de protection. Fabriqu\u00e9 en plastique PVC de qualit\u00e9 sup\u00e9rieure.<\/p>\n","protected":false},"featured_media":388,"comment_status":"open","ping_status":"closed","template":"","meta":[],"product_cat":[34],"product_tag":[],"class_list":["post-387","product","type-product","status-publish","has-post-thumbnail","hentry","product_cat-connectique-et-raccordement"],"brands":[],"yoast_head":"<!-- This site is optimized with the Yoast SEO plugin v19.9 - https:\/\/yoast.com\/wordpress\/plugins\/seo\/ -->\n<title>Fiche male 3P+N+T 16A - ZoneElec::PRO \u00e0 PRO<\/title>\n<meta name=\"robots\" content=\"index, follow, max-snippet:-1, max-image-preview:large, max-video-preview:-1\" \/>\n<link rel=\"canonical\" href=\"https:\/\/zoneelec.com.tn\/wp\/product\/fiche-male-3pnt-16a\/\" \/>\n<meta property=\"og:locale\" content=\"fr_FR\" \/>\n<meta property=\"og:type\" content=\"article\" \/>\n<meta property=\"og:title\" content=\"Fiche male 3P+N+T 16A - ZoneElec::PRO \u00e0 PRO\" \/>\n<meta property=\"og:description\" content=\"Prise industrielle CEE compatible avec la norme IEC-60309. Prend en charge les tensions de 220V \u00e0 380V et 16 A. Code couleur Rouge. Protection de l&#8217;environnement IP44 contre la poussi\u00e8re, l&#8217;humidit\u00e9 et l&#8217;eau. Comprend un capuchon de protection. Fabriqu\u00e9 en plastique PVC de qualit\u00e9 sup\u00e9rieure.\" \/>\n<meta property=\"og:url\" content=\"https:\/\/zoneelec.com.tn\/wp\/product\/fiche-male-3pnt-16a\/\" \/>\n<meta property=\"og:site_name\" content=\"ZoneElec::PRO \u00e0 PRO\" \/>\n<meta property=\"article:modified_time\" content=\"2022-10-12T10:19:59+00:00\" \/>\n<meta property=\"og:image\" content=\"https:\/\/zoneelec.com.tn\/wp\/wp-content\/uploads\/2022\/05\/DV_8_0822968_01_4c_DE_20151208073515.jpg\" \/>\n\t<meta property=\"og:image:width\" content=\"500\" \/>\n\t<meta property=\"og:image:height\" content=\"400\" \/>\n\t<meta property=\"og:image:type\" content=\"image\/jpeg\" \/>\n<meta name=\"twitter:card\" content=\"summary_large_image\" \/>\n<script type=\"application\/ld+json\" class=\"yoast-schema-graph\">{\"@context\":\"https:\/\/schema.org\",\"@graph\":[{\"@type\":\"WebPage\",\"@id\":\"https:\/\/zoneelec.com.tn\/wp\/product\/fiche-male-3pnt-16a\/\",\"url\":\"https:\/\/zoneelec.com.tn\/wp\/product\/fiche-male-3pnt-16a\/\",\"name\":\"Fiche male 3P+N+T 16A - ZoneElec::PRO \u00e0 PRO\",\"isPartOf\":{\"@id\":\"https:\/\/zoneelec.com.tn\/wp\/#website\"},\"datePublished\":\"2022-05-11T15:07:42+00:00\",\"dateModified\":\"2022-10-12T10:19:59+00:00\",\"breadcrumb\":{\"@id\":\"https:\/\/zoneelec.com.tn\/wp\/product\/fiche-male-3pnt-16a\/#breadcrumb\"},\"inLanguage\":\"fr-FR\",\"potentialAction\":[{\"@type\":\"ReadAction\",\"target\":[\"https:\/\/zoneelec.com.tn\/wp\/product\/fiche-male-3pnt-16a\/\"]}]},{\"@type\":\"BreadcrumbList\",\"@id\":\"https:\/\/zoneelec.com.tn\/wp\/product\/fiche-male-3pnt-16a\/#breadcrumb\",\"itemListElement\":[{\"@type\":\"ListItem\",\"position\":1,\"name\":\"Home\",\"item\":\"https:\/\/zoneelec.com.tn\/wp\/\"},{\"@type\":\"ListItem\",\"position\":2,\"name\":\"Shop\",\"item\":\"https:\/\/zoneelec.com.tn\/wp\/shop-2\/\"},{\"@type\":\"ListItem\",\"position\":3,\"name\":\"Fiche male 3P+N+T 16A\"}]},{\"@type\":\"WebSite\",\"@id\":\"https:\/\/zoneelec.com.tn\/wp\/#website\",\"url\":\"https:\/\/zoneelec.com.tn\/wp\/\",\"name\":\"ZoneElec::PRO \u00e0 PRO\",\"description\":\"\",\"publisher\":{\"@id\":\"https:\/\/zoneelec.com.tn\/wp\/#organization\"},\"potentialAction\":[{\"@type\":\"SearchAction\",\"target\":{\"@type\":\"EntryPoint\",\"urlTemplate\":\"https:\/\/zoneelec.com.tn\/wp\/?s={search_term_string}\"},\"query-input\":\"required name=search_term_string\"}],\"inLanguage\":\"fr-FR\"},{\"@type\":\"Organization\",\"@id\":\"https:\/\/zoneelec.com.tn\/wp\/#organization\",\"name\":\"ZoneElec::PRO \u00e0 PRO\",\"url\":\"https:\/\/zoneelec.com.tn\/wp\/\",\"logo\":{\"@type\":\"ImageObject\",\"inLanguage\":\"fr-FR\",\"@id\":\"https:\/\/zoneelec.com.tn\/wp\/#\/schema\/logo\/image\/\",\"url\":\"https:\/\/zoneelec.com.tn\/wp\/wp-content\/uploads\/2022\/05\/cropped-ze.png\",\"contentUrl\":\"https:\/\/zoneelec.com.tn\/wp\/wp-content\/uploads\/2022\/05\/cropped-ze.png\",\"width\":282,\"height\":228,\"caption\":\"ZoneElec::PRO \u00e0 PRO\"},\"image\":{\"@id\":\"https:\/\/zoneelec.com.tn\/wp\/#\/schema\/logo\/image\/\"}}]}<\/script>\n<!-- \/ Yoast SEO plugin. -->","yoast_head_json":{"title":"Fiche male 3P+N+T 16A - ZoneElec::PRO \u00e0 PRO","robots":{"index":"index","follow":"follow","max-snippet":"max-snippet:-1","max-image-preview":"max-image-preview:large","max-video-preview":"max-video-preview:-1"},"canonical":"https:\/\/zoneelec.com.tn\/wp\/product\/fiche-male-3pnt-16a\/","og_locale":"fr_FR","og_type":"article","og_title":"Fiche male 3P+N+T 16A - ZoneElec::PRO \u00e0 PRO","og_description":"Prise industrielle CEE compatible avec la norme IEC-60309. Prend en charge les tensions de 220V \u00e0 380V et 16 A. Code couleur Rouge. Protection de l&#8217;environnement IP44 contre la poussi\u00e8re, l&#8217;humidit\u00e9 et l&#8217;eau. Comprend un capuchon de protection. Fabriqu\u00e9 en plastique PVC de qualit\u00e9 sup\u00e9rieure.","og_url":"https:\/\/zoneelec.com.tn\/wp\/product\/fiche-male-3pnt-16a\/","og_site_name":"ZoneElec::PRO \u00e0 PRO","article_modified_time":"2022-10-12T10:19:59+00:00","og_image":[{"width":500,"height":400,"url":"https:\/\/zoneelec.com.tn\/wp\/wp-content\/uploads\/2022\/05\/DV_8_0822968_01_4c_DE_20151208073515.jpg","type":"image\/jpeg"}],"twitter_card":"summary_large_image","schema":{"@context":"https:\/\/schema.org","@graph":[{"@type":"WebPage","@id":"https:\/\/zoneelec.com.tn\/wp\/product\/fiche-male-3pnt-16a\/","url":"https:\/\/zoneelec.com.tn\/wp\/product\/fiche-male-3pnt-16a\/","name":"Fiche male 3P+N+T 16A - ZoneElec::PRO \u00e0 PRO","isPartOf":{"@id":"https:\/\/zoneelec.com.tn\/wp\/#website"},"datePublished":"2022-05-11T15:07:42+00:00","dateModified":"2022-10-12T10:19:59+00:00","breadcrumb":{"@id":"https:\/\/zoneelec.com.tn\/wp\/product\/fiche-male-3pnt-16a\/#breadcrumb"},"inLanguage":"fr-FR","potentialAction":[{"@type":"ReadAction","target":["https:\/\/zoneelec.com.tn\/wp\/product\/fiche-male-3pnt-16a\/"]}]},{"@type":"BreadcrumbList","@id":"https:\/\/zoneelec.com.tn\/wp\/product\/fiche-male-3pnt-16a\/#breadcrumb","itemListElement":[{"@type":"ListItem","position":1,"name":"Home","item":"https:\/\/zoneelec.com.tn\/wp\/"},{"@type":"ListItem","position":2,"name":"Shop","item":"https:\/\/zoneelec.com.tn\/wp\/shop-2\/"},{"@type":"ListItem","position":3,"name":"Fiche male 3P+N+T 16A"}]},{"@type":"WebSite","@id":"https:\/\/zoneelec.com.tn\/wp\/#website","url":"https:\/\/zoneelec.com.tn\/wp\/","name":"ZoneElec::PRO \u00e0 PRO","description":"","publisher":{"@id":"https:\/\/zoneelec.com.tn\/wp\/#organization"},"potentialAction":[{"@type":"SearchAction","target":{"@type":"EntryPoint","urlTemplate":"https:\/\/zoneelec.com.tn\/wp\/?s={search_term_string}"},"query-input":"required name=search_term_string"}],"inLanguage":"fr-FR"},{"@type":"Organization","@id":"https:\/\/zoneelec.com.tn\/wp\/#organization","name":"ZoneElec::PRO \u00e0 PRO","url":"https:\/\/zoneelec.com.tn\/wp\/","logo":{"@type":"ImageObject","inLanguage":"fr-FR","@id":"https:\/\/zoneelec.com.tn\/wp\/#\/schema\/logo\/image\/","url":"https:\/\/zoneelec.com.tn\/wp\/wp-content\/uploads\/2022\/05\/cropped-ze.png","contentUrl":"https:\/\/zoneelec.com.tn\/wp\/wp-content\/uploads\/2022\/05\/cropped-ze.png","width":282,"height":228,"caption":"ZoneElec::PRO \u00e0 PRO"},"image":{"@id":"https:\/\/zoneelec.com.tn\/wp\/#\/schema\/logo\/image\/"}}]}},"_links":{"self":[{"href":"https:\/\/zoneelec.com.tn\/wp\/wp-json\/wp\/v2\/product\/387","targetHints":{"allow":["GET"]}}],"collection":[{"href":"https:\/\/zoneelec.com.tn\/wp\/wp-json\/wp\/v2\/product"}],"about":[{"href":"https:\/\/zoneelec.com.tn\/wp\/wp-json\/wp\/v2\/types\/product"}],"replies":[{"embeddable":true,"href":"https:\/\/zoneelec.com.tn\/wp\/wp-json\/wp\/v2\/comments?post=387"}],"version-history":[{"count":1,"href":"https:\/\/zoneelec.com.tn\/wp\/wp-json\/wp\/v2\/product\/387\/revisions"}],"predecessor-version":[{"id":4791,"href":"https:\/\/zoneelec.com.tn\/wp\/wp-json\/wp\/v2\/product\/387\/revisions\/4791"}],"wp:featuredmedia":[{"embeddable":true,"href":"https:\/\/zoneelec.com.tn\/wp\/wp-json\/wp\/v2\/media\/388"}],"wp:attachment":[{"href":"https:\/\/zoneelec.com.tn\/wp\/wp-json\/wp\/v2\/media?parent=387"}],"wp:term":[{"taxonomy":"product_cat","embeddable":true,"href":"https:\/\/zoneelec.com.tn\/wp\/wp-json\/wp\/v2\/product_cat?post=387"},{"taxonomy":"product_tag","embeddable":true,"href":"https:\/\/zoneelec.com.tn\/wp\/wp-json\/wp\/v2\/product_tag?post=387"}],"curies":[{"name":"wp","href":"https:\/\/api.w.org\/{rel}","templated":true}]}}